{"id":17,"date":"2013-12-04T16:37:38","date_gmt":"2013-12-04T15:37:38","guid":{"rendered":"http:\/\/lavalleetransport.com\/?page_id=17"},"modified":"2021-01-20T13:17:05","modified_gmt":"2021-01-20T18:17:05","slug":"services","status":"publish","type":"page","link":"https:\/\/lavalleetransport.com\/services\/","title":{"rendered":"Services"},"content":{"rendered":"<p>Voici nos principaux services:<\/p>\n<ul>\n<li><a title=\"Achat et vente de grains ronds et produits d\u00e9riv\u00e9s\" href=\"http:\/\/lavalleetransport.com\/services\/achat-et-vente-de-grains-ronds-et-produits-derives\/\">Achat et vente de grains ronds et produits d\u00e9riv\u00e9s<\/a><\/li>\n<li><a title=\"Aspirateur \u00e0 grains (petit et gros)\" href=\"http:\/\/lavalleetransport.com\/services\/utilisation-daspirateur-a-grains-petit-et-gros\/\">Utilisation d&#8217;aspirateur \u00e0 grains (petit et gros)<\/a><\/li>\n<li><a title=\"Transport de grains (remorque style dompeur ou souffleur)\" href=\"http:\/\/lavalleetransport.com\/services\/transport-de-grains-remorques-dumper-ou-a-soufflerie\/\">Transport de grains (remorque style dompeur ou souffleur)<\/a><\/li>\n<\/ul>\n","protected":false},"excerpt":{"rendered":"<p>Voici nos principaux services: Achat et vente de grains ronds et produits d\u00e9riv\u00e9s Utilisation d&#8217;aspirateur \u00e0 grains (petit et gros) Transport de grains (remorque style dompeur ou souffleur)<\/p>\n","protected":false},"author":1,"featured_media":0,"parent":0,"menu_order":0,"comment_status":"closed","ping_status":"open","template":"","meta":{"footnotes":""},"_links":{"self":[{"href":"https:\/\/lavalleetransport.com\/en\/wp-json\/wp\/v2\/pages\/17"}],"collection":[{"href":"https:\/\/lavalleetransport.com\/en\/wp-json\/wp\/v2\/pages"}],"about":[{"href":"https:\/\/lavalleetransport.com\/en\/wp-json\/wp\/v2\/types\/page"}],"author":[{"embeddable":true,"href":"https:\/\/lavalleetransport.com\/en\/wp-json\/wp\/v2\/users\/1"}],"replies":[{"embeddable":true,"href":"https:\/\/lavalleetransport.com\/en\/wp-json\/wp\/v2\/comments?post=17"}],"version-history":[{"count":6,"href":"https:\/\/lavalleetransport.com\/en\/wp-json\/wp\/v2\/pages\/17\/revisions"}],"predecessor-version":[{"id":550,"href":"https:\/\/lavalleetransport.com\/en\/wp-json\/wp\/v2\/pages\/17\/revisions\/550"}],"wp:attachment":[{"href":"https:\/\/lavalleetransport.com\/en\/wp-json\/wp\/v2\/media?parent=17"}],"curies":[{"name":"wp","href":"https:\/\/api.w.org\/{rel}","templated":true}]}}